{"id":4990,"date":"2022-03-25T17:47:59","date_gmt":"2022-03-25T17:47:59","guid":{"rendered":"https:\/\/hotelvalentina.com\/?page_id=4990"},"modified":"2022-03-30T10:47:21","modified_gmt":"2022-03-30T10:47:21","slug":"covid-19-update","status":"publish","type":"page","link":"https:\/\/hotelvalentina.com\/fr\/covid-19-update\/","title":{"rendered":"Covid-19 Update"},"content":{"rendered":"[vc_row type=&#8221;full_width_background&#8221; full_screen_row_position=&#8221;middle&#8221; column_margin=&#8221;default&#8221; column_direction=&#8221;default&#8221; column_direction_tablet=&#8221;default&#8221; column_direction_phone=&#8221;default&#8221; scene_position=&#8221;center&#8221; top_padding=&#8221;120&#8243; constrain_group_1=&#8221;yes&#8221; bottom_padding=&#8221;120&#8243; top_padding_tablet=&#8221;80&#8243; constrain_group_3=&#8221;yes&#8221; bottom_padding_tablet=&#8221;80&#8243; text_color=&#8221;dark&#8221; text_align=&#8221;left&#8221; row_border_radius=&#8221;none&#8221; row_border_radius_applies=&#8221;bg&#8221; overlay_strength=&#8221;0.3&#8243; gradient_direction=&#8221;left_to_right&#8221; shape_divider_position=&#8221;bottom&#8221; bg_image_animation=&#8221;none&#8221; shape_type=&#8221;&#8221;][vc_column column_padding=&#8221;no-extra-padding&#8221; column_padding_tablet=&#8221;inherit&#8221; column_padding_phone=&#8221;inherit&#8221; column_padding_position=&#8221;all&#8221; column_element_spacing=&#8221;default&#8221; background_color_opacity=&#8221;1&#8243; background_hover_color_opacity=&#8221;1&#8243; column_shadow=&#8221;none&#8221; column_border_radius=&#8221;none&#8221; column_link_target=&#8221;_self&#8221; gradient_direction=&#8221;left_to_right&#8221; overlay_strength=&#8221;0.3&#8243; width=&#8221;1\/1&#8243; tablet_width_inherit=&#8221;default&#8221; tablet_text_alignment=&#8221;default&#8221; phone_text_alignment=&#8221;default&#8221; bg_image_animation=&#8221;none&#8221; border_type=&#8221;simple&#8221; column_border_width=&#8221;none&#8221; column_border_style=&#8221;solid&#8221; offset=&#8221;vc_col-md-offset-1 vc_col-md-10&#8243;][vc_row_inner column_margin=&#8221;default&#8221; column_direction=&#8221;default&#8221; column_direction_tablet=&#8221;default&#8221; column_direction_phone=&#8221;default&#8221; bottom_padding=&#8221;40&#8243; bottom_padding_tablet=&#8221;24&#8243; text_align=&#8221;left&#8221; css=&#8221;.vc_custom_1632735815021{margin-bottom: 0px !important;}&#8221;][vc_column_inner column_padding=&#8221;no-extra-padding&#8221; column_padding_tablet=&#8221;inherit&#8221; column_padding_phone=&#8221;inherit&#8221; column_padding_position=&#8221;all&#8221; bottom_margin_tablet=&#8221;0&#8243; column_element_spacing=&#8221;default&#8221; background_color_opacity=&#8221;1&#8243; background_hover_color_opacity=&#8221;1&#8243; column_shadow=&#8221;none&#8221; column_border_radius=&#8221;none&#8221; column_link_target=&#8221;_self&#8221; gradient_direction=&#8221;left_to_right&#8221; overlay_strength=&#8221;0.3&#8243; width=&#8221;1\/1&#8243; tablet_width_inherit=&#8221;default&#8221; bg_image_animation=&#8221;none&#8221; border_type=&#8221;simple&#8221; column_border_width=&#8221;none&#8221; column_border_style=&#8221;solid&#8221;][vc_custom_heading text=&#8221;Covid- 19 Update&#8221; font_container=&#8221;tag:h1|text_align:left&#8221; use_theme_fonts=&#8221;yes&#8221;][\/vc_column_inner][\/vc_row_inner][vc_row_inner column_margin=&#8221;default&#8221; column_direction=&#8221;default&#8221; column_direction_tablet=&#8221;default&#8221; column_direction_phone=&#8221;default&#8221; bottom_padding=&#8221;40&#8243; bottom_padding_tablet=&#8221;24&#8243; text_align=&#8221;left&#8221; css=&#8221;.vc_custom_1632735815021{margin-bottom: 0px !important;}&#8221;][vc_column_inner column_padding=&#8221;no-extra-padding&#8221; column_padding_tablet=&#8221;inherit&#8221; column_padding_phone=&#8221;inherit&#8221; column_padding_position=&#8221;all&#8221; bottom_margin_tablet=&#8221;0&#8243; column_element_spacing=&#8221;default&#8221; background_color_opacity=&#8221;1&#8243; background_hover_color_opacity=&#8221;1&#8243; column_shadow=&#8221;none&#8221; column_border_radius=&#8221;none&#8221; column_link_target=&#8221;_self&#8221; gradient_direction=&#8221;left_to_right&#8221; overlay_strength=&#8221;0.3&#8243; width=&#8221;1\/1&#8243; tablet_width_inherit=&#8221;default&#8221; bg_image_animation=&#8221;none&#8221; border_type=&#8221;simple&#8221; column_border_width=&#8221;none&#8221; column_border_style=&#8221;solid&#8221;][vc_column_text]<span class=\"Y2IQFc\" lang=\"fr\">Cher invit\u00e9, <\/span><\/p>\n<p>&nbsp;<\/p>\n<p><span class=\"Y2IQFc\" lang=\"fr\">En ces temps sans pr\u00e9c\u00e9dent, nous suivons constamment les derni\u00e8res r\u00e9glementations et directives fournies par les autorit\u00e9s locales pour augmenter votre s\u00e9curit\u00e9 pendant votre s\u00e9jour avec nous. \u00c0 l&#8217;h\u00f4tel Valentina, nous souhaitons nous assurer que la sant\u00e9, la s\u00e9curit\u00e9 et le bien-\u00eatre de nos clients et de nos employ\u00e9s sont pris en charge. Dans le pass\u00e9, vous nous avez f\u00e9licit\u00e9s pour nos normes de propret\u00e9 et notre objectif est de les maintenir tout en introduisant les nouvelles directives locales du d\u00e9partement de la sant\u00e9. Ceux-ci inclus; Mesures d&#8217;hygi\u00e8ne et de s\u00e9curit\u00e9 renforc\u00e9es ; Augmenter nos quarts de travail d&#8217;entretien m\u00e9nager pour maintenir les normes de propret\u00e9 les plus \u00e9lev\u00e9es en tout temps Les zones \u00e0 fort contact, les boutons d&#8217;ascenseur et les poign\u00e9es de porte sont d\u00e9sinfect\u00e9s et nettoy\u00e9s \u00e0 une fr\u00e9quence plus \u00e9lev\u00e9e ; installation de d\u00e9sinfectants pour les mains dans tous les espaces publics et toutes les chambres ; formation du personnel sur la sant\u00e9 et la s\u00e9curit\u00e9 sp\u00e9cifiques li\u00e9es au COVID-19, y compris l&#8217;hygi\u00e8ne personnelle ; relev\u00e9 de temp\u00e9rature \u00e0 l&#8217;entr\u00e9e de l&#8217;h\u00f4tel ; Augmentation de la signalisation dans les espaces publics de l&#8217;h\u00f4tel pour rappeler aux clients et aux visiteurs d&#8217;observer la distanciation sociale, le lavage des mains \/ la d\u00e9sinfection des mains Offres r\u00e9vis\u00e9es d&#8217;aliments et de boissons ; Nous avons remodel\u00e9 notre service de petit-d\u00e9jeuner pour maintenir la s\u00e9curit\u00e9 tout en gardant les m\u00eames normes Nous fournirons un service de buffet qui sera servi derri\u00e8re un bouclier en plexiglas par notre personnel qualifi\u00e9 afin que les clients n&#8217;entrent pas en contact avec les ustensiles et la nourriture En raison du nombre limit\u00e9 de places assises dans notre restaurant, il sera demand\u00e9 aux clients de r\u00e9server leur heure pr\u00e9f\u00e9r\u00e9e pour le service du petit-d\u00e9jeuner afin de limiter le nombre de clients\u00a0<\/span><span class=\"Y2IQFc\" lang=\"fr\"><span style=\"font-size: 10.72px;\">pr\u00e9sents<\/span>\u00a0dans la salle des petits\u00a0<\/span><span class=\"Y2IQFc\" lang=\"fr\"><span style=\"font-size: 10.72px;\">d\u00e9jeuners<\/span>, en m\u00eame temps. Nous remplacerons nos menus classiques par une version en ligne accessible via un QR Code qui sera mis \u00e0 disposition dans nos bars.<br \/>\n<\/span><\/p>\n<p><span class=\"Y2IQFc\" lang=\"fr\">Avec toutes ses precautions, nous sommes fiers que l&#8217;h\u00f4tel ait re\u00e7u en Decembre 2021 la certification Sharecare Health Security VERIFIED\u2122 en collaboration avec Forbes Travel Guide. La v\u00e9rification compl\u00e8te des installations permet de garantir que les clients et les organisateurs de voyages peuvent r\u00e9server en toute confiance dans les \u00e9tablissements qui ont mis en place des proc\u00e9dures de s\u00e9curit\u00e9 sanitaire appropri\u00e9es.<\/span><\/p>\n<p>Cette v\u00e9rification est bas\u00e9e sur la conformit\u00e9 d&#8217;un h\u00f4tel aux meilleures pratiques valid\u00e9es par des experts qui minimisent le risque et l&#8217;impact du COVID-19 et les futurs \u00e9v\u00e9nements potentiels de sant\u00e9 publique. D\u00e9velopp\u00e9e par Forbes Travel Guide, l&#8217;autorit\u00e9 mondiale en mati\u00e8re d&#8217;excellence h\u00f4teli\u00e8re, et le leader de l&#8217;industrie de la sant\u00e9 num\u00e9rique Sharecare, la v\u00e9rification compl\u00e8te couvre plus de 360 normes sur les protocoles de sant\u00e9 et d&#8217;hygi\u00e8ne, les produits et proc\u00e9dures de nettoyage, la ventilation, la distance physique, l&#8217;exp\u00e9rience client et la sant\u00e9, la communication en mati\u00e8re de s\u00e9curit\u00e9 avec les clients et les employ\u00e9s. Les h\u00f4tels sont tenus de v\u00e9rifier leurs protocoles de sant\u00e9 sur une base continue pour assurer la conformit\u00e9 continue avec les normes sanitaires mondiales les plus r\u00e9centes.<\/p>\n<p>&nbsp;<\/p>\n<p><span class=\"Y2IQFc\" lang=\"fr\">Pour plus d&#8217;informations ou pour vos r\u00e9servations, n&#8217;h\u00e9sitez pas \u00e0 nous contacter directement sur <a href=\"mailto:reservations@hotelvalentina.com\">reservations@hotelvalentina.com<\/a>. Nous esp\u00e9rons vous recevoir bient\u00f4t!<\/span>[\/vc_column_text][\/vc_column_inner][\/vc_row_inner][\/vc_column][\/vc_row]\n","protected":false},"excerpt":{"rendered":"<p>[vc_row type=&#8221;full_width_background&#8221; full_screen_row_position=&#8221;middle&#8221; column_margin=&#8221;default&#8221; column_direction=&#8221;default&#8221; column_direction_tablet=&#8221;default&#8221; column_direction_phone=&#8221;default&#8221; scene_position=&#8221;center&#8221; top_padding=&#8221;120&#8243; constrain_group_1=&#8221;yes&#8221; bottom_padding=&#8221;120&#8243; top_padding_tablet=&#8221;80&#8243; constrain_group_3=&#8221;yes&#8221; bottom_padding_tablet=&#8221;80&#8243; text_color=&#8221;dark&#8221; text_align=&#8221;left&#8221; row_border_radius=&#8221;none&#8221; row_border_radius_applies=&#8221;bg&#8221; overlay_strength=&#8221;0.3&#8243; gradient_direction=&#8221;left_to_right&#8221; shape_divider_position=&#8221;bottom&#8221; bg_image_animation=&#8221;none&#8221; shape_type=&#8221;&#8221;][vc_column column_padding=&#8221;no-extra-padding&#8221; column_padding_tablet=&#8221;inherit&#8221; column_padding_phone=&#8221;inherit&#8221; column_padding_position=&#8221;all&#8221; column_element_spacing=&#8221;default&#8221; background_color_opacity=&#8221;1&#8243; background_hover_color_opacity=&#8221;1&#8243; column_shadow=&#8221;none&#8221; column_border_radius=&#8221;none&#8221; column_link_target=&#8221;_self&#8221; gradient_direction=&#8221;left_to_right&#8221; overlay_strength=&#8221;0.3&#8243; width=&#8221;1\/1&#8243; tablet_width_inherit=&#8221;default&#8221; tablet_text_alignment=&#8221;default&#8221; phone_text_alignment=&#8221;default&#8221; bg_image_animation=&#8221;none&#8221; border_type=&#8221;simple&#8221; column_border_width=&#8221;none&#8221; column_border_style=&#8221;solid&#8221; offset=&#8221;vc_col-md-offset-1 vc_col-md-10&#8243;][vc_row_inner column_margin=&#8221;default&#8221; column_direction=&#8221;default&#8221; column_direction_tablet=&#8221;default&#8221; column_direction_phone=&#8221;default&#8221; bottom_padding=&#8221;40&#8243; bottom_padding_tablet=&#8221;24&#8243; text_align=&#8221;left&#8221; css=&#8221;.vc_custom_1632735815021{margin-bottom: 0px !important;}&#8221;][vc_column_inner column_padding=&#8221;no-extra-padding&#8221; column_padding_tablet=&#8221;inherit&#8221; column_padding_phone=&#8221;inherit&#8221; column_padding_position=&#8221;all&#8221; bottom_margin_tablet=&#8221;0&#8243;&#8230;<\/p>\n","protected":false},"author":5,"featured_media":0,"parent":0,"menu_order":6,"comment_status":"closed","ping_status":"closed","template":"","meta":{"_acf_changed":false,"footnotes":""},"class_list":["post-4990","page","type-page","status-publish"],"acf":[],"yoast_head":"<!-- This site is optimized with the Yoast SEO plugin v26.8 - https:\/\/yoast.com\/product\/yoast-seo-wordpress\/ -->\n<title>Covid-19 Update - Hotel Valentina<\/title>\n<meta name=\"robots\" content=\"index, follow, max-snippet:-1, max-image-preview:large, max-video-preview:-1\" \/>\n<link rel=\"canonical\" href=\"https:\/\/hotelvalentina.com\/fr\/covid-19-update\/\" \/>\n<meta property=\"og:locale\" content=\"fr_FR\" \/>\n<meta property=\"og:type\" content=\"article\" \/>\n<meta property=\"og:title\" content=\"Covid-19 Update - Hotel Valentina\" \/>\n<meta property=\"og:description\" content=\"[vc_row type=&#8221;full_width_background&#8221; full_screen_row_position=&#8221;middle&#8221; column_margin=&#8221;default&#8221; column_direction=&#8221;default&#8221; column_direction_tablet=&#8221;default&#8221; column_direction_phone=&#8221;default&#8221; scene_position=&#8221;center&#8221; top_padding=&#8221;120&#8243; constrain_group_1=&#8221;yes&#8221; bottom_padding=&#8221;120&#8243; top_padding_tablet=&#8221;80&#8243; constrain_group_3=&#8221;yes&#8221; bottom_padding_tablet=&#8221;80&#8243; text_color=&#8221;dark&#8221; text_align=&#8221;left&#8221; row_border_radius=&#8221;none&#8221; row_border_radius_applies=&#8221;bg&#8221; overlay_strength=&#8221;0.3&#8243; gradient_direction=&#8221;left_to_right&#8221; shape_divider_position=&#8221;bottom&#8221; bg_image_animation=&#8221;none&#8221; shape_type=&#8221;&#8221;][vc_column column_padding=&#8221;no-extra-padding&#8221; column_padding_tablet=&#8221;inherit&#8221; column_padding_phone=&#8221;inherit&#8221; column_padding_position=&#8221;all&#8221; column_element_spacing=&#8221;default&#8221; background_color_opacity=&#8221;1&#8243; background_hover_color_opacity=&#8221;1&#8243; column_shadow=&#8221;none&#8221; column_border_radius=&#8221;none&#8221; column_link_target=&#8221;_self&#8221; gradient_direction=&#8221;left_to_right&#8221; overlay_strength=&#8221;0.3&#8243; width=&#8221;1\/1&#8243; tablet_width_inherit=&#8221;default&#8221; tablet_text_alignment=&#8221;default&#8221; phone_text_alignment=&#8221;default&#8221; bg_image_animation=&#8221;none&#8221; border_type=&#8221;simple&#8221; column_border_width=&#8221;none&#8221; column_border_style=&#8221;solid&#8221; offset=&#8221;vc_col-md-offset-1 vc_col-md-10&#8243;][vc_row_inner column_margin=&#8221;default&#8221; column_direction=&#8221;default&#8221; column_direction_tablet=&#8221;default&#8221; column_direction_phone=&#8221;default&#8221; bottom_padding=&#8221;40&#8243; bottom_padding_tablet=&#8221;24&#8243; text_align=&#8221;left&#8221; css=&#8221;.vc_custom_1632735815021{margin-bottom: 0px !important;}&#8221;][vc_column_inner column_padding=&#8221;no-extra-padding&#8221; column_padding_tablet=&#8221;inherit&#8221; column_padding_phone=&#8221;inherit&#8221; column_padding_position=&#8221;all&#8221; bottom_margin_tablet=&#8221;0&#8243;...\" \/>\n<meta property=\"og:url\" content=\"https:\/\/hotelvalentina.com\/fr\/covid-19-update\/\" \/>\n<meta property=\"og:site_name\" content=\"Hotel Valentina\" \/>\n<meta property=\"article:modified_time\" content=\"2022-03-30T10:47:21+00:00\" \/>\n<meta property=\"og:image\" content=\"https:\/\/hotelvalentina.com\/app\/uploads\/2021\/12\/Facebook-share.jpg\" \/>\n\t<meta property=\"og:image:width\" content=\"1200\" \/>\n\t<meta property=\"og:image:height\" content=\"630\" \/>\n\t<meta property=\"og:image:type\" content=\"image\/jpeg\" \/>\n<meta name=\"twitter:card\" content=\"summary_large_image\" \/>\n<meta name=\"twitter:label1\" content=\"Est. reading time\" \/>\n\t<meta name=\"twitter:data1\" content=\"3 minutes\" \/>\n<script type=\"application\/ld+json\" class=\"yoast-schema-graph\">{\"@context\":\"https:\/\/schema.org\",\"@graph\":[{\"@type\":\"WebPage\",\"@id\":\"https:\/\/hotelvalentina.com\/fr\/covid-19-update\/\",\"url\":\"https:\/\/hotelvalentina.com\/fr\/covid-19-update\/\",\"name\":\"Covid-19 Update - Hotel Valentina\",\"isPartOf\":{\"@id\":\"https:\/\/hotelvalentina.com\/#website\"},\"datePublished\":\"2022-03-25T17:47:59+00:00\",\"dateModified\":\"2022-03-30T10:47:21+00:00\",\"breadcrumb\":{\"@id\":\"https:\/\/hotelvalentina.com\/fr\/covid-19-update\/#breadcrumb\"},\"inLanguage\":\"fr-FR\",\"potentialAction\":[{\"@type\":\"ReadAction\",\"target\":[\"https:\/\/hotelvalentina.com\/fr\/covid-19-update\/\"]}]},{\"@type\":\"BreadcrumbList\",\"@id\":\"https:\/\/hotelvalentina.com\/fr\/covid-19-update\/#breadcrumb\",\"itemListElement\":[{\"@type\":\"ListItem\",\"position\":1,\"name\":\"Home\",\"item\":\"https:\/\/hotelvalentina.com\/fr\/\"},{\"@type\":\"ListItem\",\"position\":2,\"name\":\"Covid-19 Update\"}]},{\"@type\":\"WebSite\",\"@id\":\"https:\/\/hotelvalentina.com\/#website\",\"url\":\"https:\/\/hotelvalentina.com\/\",\"name\":\"Hotel Valentina\",\"description\":\"\",\"publisher\":{\"@id\":\"https:\/\/hotelvalentina.com\/#organization\"},\"potentialAction\":[{\"@type\":\"SearchAction\",\"target\":{\"@type\":\"EntryPoint\",\"urlTemplate\":\"https:\/\/hotelvalentina.com\/?s={search_term_string}\"},\"query-input\":{\"@type\":\"PropertyValueSpecification\",\"valueRequired\":true,\"valueName\":\"search_term_string\"}}],\"inLanguage\":\"fr-FR\"},{\"@type\":\"Organization\",\"@id\":\"https:\/\/hotelvalentina.com\/#organization\",\"name\":\"Hotel Valentina\",\"url\":\"https:\/\/hotelvalentina.com\/\",\"logo\":{\"@type\":\"ImageObject\",\"inLanguage\":\"fr-FR\",\"@id\":\"https:\/\/hotelvalentina.com\/#\/schema\/logo\/image\/\",\"url\":\"https:\/\/hotelvalentina.com\/app\/uploads\/2021\/09\/logo-dark.png\",\"contentUrl\":\"https:\/\/hotelvalentina.com\/app\/uploads\/2021\/09\/logo-dark.png\",\"width\":358,\"height\":316,\"caption\":\"Hotel Valentina\"},\"image\":{\"@id\":\"https:\/\/hotelvalentina.com\/#\/schema\/logo\/image\/\"}}]}<\/script>\n<!-- \/ Yoast SEO plugin. -->","yoast_head_json":{"title":"Covid-19 Update - Hotel Valentina","robots":{"index":"index","follow":"follow","max-snippet":"max-snippet:-1","max-image-preview":"max-image-preview:large","max-video-preview":"max-video-preview:-1"},"canonical":"https:\/\/hotelvalentina.com\/fr\/covid-19-update\/","og_locale":"fr_FR","og_type":"article","og_title":"Covid-19 Update - Hotel Valentina","og_description":"[vc_row type=&#8221;full_width_background&#8221; full_screen_row_position=&#8221;middle&#8221; column_margin=&#8221;default&#8221; column_direction=&#8221;default&#8221; column_direction_tablet=&#8221;default&#8221; column_direction_phone=&#8221;default&#8221; scene_position=&#8221;center&#8221; top_padding=&#8221;120&#8243; constrain_group_1=&#8221;yes&#8221; bottom_padding=&#8221;120&#8243; top_padding_tablet=&#8221;80&#8243; constrain_group_3=&#8221;yes&#8221; bottom_padding_tablet=&#8221;80&#8243; text_color=&#8221;dark&#8221; text_align=&#8221;left&#8221; row_border_radius=&#8221;none&#8221; row_border_radius_applies=&#8221;bg&#8221; overlay_strength=&#8221;0.3&#8243; gradient_direction=&#8221;left_to_right&#8221; shape_divider_position=&#8221;bottom&#8221; bg_image_animation=&#8221;none&#8221; shape_type=&#8221;&#8221;][vc_column column_padding=&#8221;no-extra-padding&#8221; column_padding_tablet=&#8221;inherit&#8221; column_padding_phone=&#8221;inherit&#8221; column_padding_position=&#8221;all&#8221; column_element_spacing=&#8221;default&#8221; background_color_opacity=&#8221;1&#8243; background_hover_color_opacity=&#8221;1&#8243; column_shadow=&#8221;none&#8221; column_border_radius=&#8221;none&#8221; column_link_target=&#8221;_self&#8221; gradient_direction=&#8221;left_to_right&#8221; overlay_strength=&#8221;0.3&#8243; width=&#8221;1\/1&#8243; tablet_width_inherit=&#8221;default&#8221; tablet_text_alignment=&#8221;default&#8221; phone_text_alignment=&#8221;default&#8221; bg_image_animation=&#8221;none&#8221; border_type=&#8221;simple&#8221; column_border_width=&#8221;none&#8221; column_border_style=&#8221;solid&#8221; offset=&#8221;vc_col-md-offset-1 vc_col-md-10&#8243;][vc_row_inner column_margin=&#8221;default&#8221; column_direction=&#8221;default&#8221; column_direction_tablet=&#8221;default&#8221; column_direction_phone=&#8221;default&#8221; bottom_padding=&#8221;40&#8243; bottom_padding_tablet=&#8221;24&#8243; text_align=&#8221;left&#8221; css=&#8221;.vc_custom_1632735815021{margin-bottom: 0px !important;}&#8221;][vc_column_inner column_padding=&#8221;no-extra-padding&#8221; column_padding_tablet=&#8221;inherit&#8221; column_padding_phone=&#8221;inherit&#8221; column_padding_position=&#8221;all&#8221; bottom_margin_tablet=&#8221;0&#8243;...","og_url":"https:\/\/hotelvalentina.com\/fr\/covid-19-update\/","og_site_name":"Hotel Valentina","article_modified_time":"2022-03-30T10:47:21+00:00","og_image":[{"width":1200,"height":630,"url":"https:\/\/hotelvalentina.com\/app\/uploads\/2021\/12\/Facebook-share.jpg","type":"image\/jpeg"}],"twitter_card":"summary_large_image","twitter_misc":{"Est. reading time":"3 minutes"},"schema":{"@context":"https:\/\/schema.org","@graph":[{"@type":"WebPage","@id":"https:\/\/hotelvalentina.com\/fr\/covid-19-update\/","url":"https:\/\/hotelvalentina.com\/fr\/covid-19-update\/","name":"Covid-19 Update - Hotel Valentina","isPartOf":{"@id":"https:\/\/hotelvalentina.com\/#website"},"datePublished":"2022-03-25T17:47:59+00:00","dateModified":"2022-03-30T10:47:21+00:00","breadcrumb":{"@id":"https:\/\/hotelvalentina.com\/fr\/covid-19-update\/#breadcrumb"},"inLanguage":"fr-FR","potentialAction":[{"@type":"ReadAction","target":["https:\/\/hotelvalentina.com\/fr\/covid-19-update\/"]}]},{"@type":"BreadcrumbList","@id":"https:\/\/hotelvalentina.com\/fr\/covid-19-update\/#breadcrumb","itemListElement":[{"@type":"ListItem","position":1,"name":"Home","item":"https:\/\/hotelvalentina.com\/fr\/"},{"@type":"ListItem","position":2,"name":"Covid-19 Update"}]},{"@type":"WebSite","@id":"https:\/\/hotelvalentina.com\/#website","url":"https:\/\/hotelvalentina.com\/","name":"Hotel Valentina","description":"","publisher":{"@id":"https:\/\/hotelvalentina.com\/#organization"},"potentialAction":[{"@type":"SearchAction","target":{"@type":"EntryPoint","urlTemplate":"https:\/\/hotelvalentina.com\/?s={search_term_string}"},"query-input":{"@type":"PropertyValueSpecification","valueRequired":true,"valueName":"search_term_string"}}],"inLanguage":"fr-FR"},{"@type":"Organization","@id":"https:\/\/hotelvalentina.com\/#organization","name":"Hotel Valentina","url":"https:\/\/hotelvalentina.com\/","logo":{"@type":"ImageObject","inLanguage":"fr-FR","@id":"https:\/\/hotelvalentina.com\/#\/schema\/logo\/image\/","url":"https:\/\/hotelvalentina.com\/app\/uploads\/2021\/09\/logo-dark.png","contentUrl":"https:\/\/hotelvalentina.com\/app\/uploads\/2021\/09\/logo-dark.png","width":358,"height":316,"caption":"Hotel Valentina"},"image":{"@id":"https:\/\/hotelvalentina.com\/#\/schema\/logo\/image\/"}}]}},"_links":{"self":[{"href":"https:\/\/hotelvalentina.com\/fr\/wp-json\/wp\/v2\/pages\/4990","targetHints":{"allow":["GET"]}}],"collection":[{"href":"https:\/\/hotelvalentina.com\/fr\/wp-json\/wp\/v2\/pages"}],"about":[{"href":"https:\/\/hotelvalentina.com\/fr\/wp-json\/wp\/v2\/types\/page"}],"author":[{"embeddable":true,"href":"https:\/\/hotelvalentina.com\/fr\/wp-json\/wp\/v2\/users\/5"}],"replies":[{"embeddable":true,"href":"https:\/\/hotelvalentina.com\/fr\/wp-json\/wp\/v2\/comments?post=4990"}],"version-history":[{"count":0,"href":"https:\/\/hotelvalentina.com\/fr\/wp-json\/wp\/v2\/pages\/4990\/revisions"}],"wp:attachment":[{"href":"https:\/\/hotelvalentina.com\/fr\/wp-json\/wp\/v2\/media?parent=4990"}],"curies":[{"name":"wp","href":"https:\/\/api.w.org\/{rel}","templated":true}]}}